{"id":298,"date":"2021-05-23T04:44:20","date_gmt":"2021-05-23T04:44:20","guid":{"rendered":"https:\/\/spiegel.me.uk\/home\/"},"modified":"2024-07-31T10:16:12","modified_gmt":"2024-07-31T10:16:12","slug":"home","status":"publish","type":"page","link":"https:\/\/spiegel.me.uk\/de\/","title":{"rendered":"Home"},"content":{"rendered":"<div class=\"wp-block-cover alignfull is-light\" style=\"min-height:750px;aspect-ratio:unset;\"><span aria-hidden=\"true\" class=\"wp-block-cover__background has-background-dim-100 has-background-dim\" style=\"background-color:#fffffa\"><\/span><div class=\"wp-block-cover__inner-container is-layout-flow wp-block-cover-is-layout-flow\">\n<div class=\"wp-block-columns alignwide is-layout-flex wp-container-core-columns-is-layout-28f84493 wp-block-columns-is-layout-flex\">\n<div class=\"wp-block-column is-vertically-aligned-center is-layout-flow wp-block-column-is-layout-flow\">\n<h1 class=\"has-black-color has-text-color wp-block-heading\">Wildflower Design<\/h1>\n\n\n\n<h5 class=\"has-black-color has-text-color wp-block-heading\"><meta charset=\"utf-8\">DIGITALES DESIGN &amp; NACHHALTIGKEIT <\/h5>\n\n\n\n<p><\/p>\n<\/div>\n\n\n\n<div class=\"wp-block-column is-layout-flow wp-block-column-is-layout-flow\">\n<figure class=\"wp-block-image size-large is-style-rounded\"><img loading=\"lazy\" decoding=\"async\" width=\"977\" height=\"1024\" src=\"https:\/\/spiegel.me.uk\/wp-content\/uploads\/2021\/09\/FrameBild2-977x1024.png\" alt=\"\" class=\"wp-image-653\" srcset=\"https:\/\/spiegel.me.uk\/wp-content\/uploads\/2021\/09\/FrameBild2-977x1024.png 977w, https:\/\/spiegel.me.uk\/wp-content\/uploads\/2021\/09\/FrameBild2-286x300.png 286w, https:\/\/spiegel.me.uk\/wp-content\/uploads\/2021\/09\/FrameBild2-768x805.png 768w, https:\/\/spiegel.me.uk\/wp-content\/uploads\/2021\/09\/FrameBild2.png 1328w\" sizes=\"auto, (max-width: 977px) 100vw, 977px\" \/><\/figure>\n<\/div>\n<\/div>\n<\/div><\/div>\n\n\n\n<div class=\"wp-block-cover alignfull is-light\" style=\"min-height:180px;aspect-ratio:unset;\"><span aria-hidden=\"true\" class=\"wp-block-cover__background has-background-dim-100 has-background-dim\" style=\"background-color:#c69180\"><\/span><div class=\"wp-block-cover__inner-container is-layout-flow wp-block-cover-is-layout-flow\">\n<div class=\"wp-block-uagb-advanced-heading uagb-block-b3ce75c7\"><h3 class=\"uagb-heading-text\"><meta charset=\"utf-8\">Die Natur die beste Designerin. Als Geek, Konzeptionistin und Mutter von drei Kindern ist sie meine Inspiration. Willkommen!<\/h3><\/div>\n<\/div><\/div>\n\n\n\n<div class=\"inherit-container-width wp-block-group alignfull has-black-color has-text-color has-background is-layout-constrained wp-block-group-is-layout-constrained\" style=\"background-color:#fffffa\"><div class=\"wp-block-group__inner-container\">\n<div class=\"wp-block-columns are-vertically-aligned-top is-layout-flex wp-container-core-columns-is-layout-28f84493 wp-block-columns-is-layout-flex\">\n<div class=\"wp-block-column is-vertically-aligned-top is-layout-flow wp-block-column-is-layout-flow\" style=\"flex-basis:33%\">\n<figure class=\"wp-block-image alignleft size-large\"><img loading=\"lazy\" decoding=\"async\" width=\"1024\" height=\"463\" src=\"https:\/\/spiegel.me.uk\/wp-content\/uploads\/2021\/08\/Flower1a-1024x463.png\" alt=\"\" class=\"wp-image-610\" srcset=\"https:\/\/spiegel.me.uk\/wp-content\/uploads\/2021\/08\/Flower1a-1024x463.png 1024w, https:\/\/spiegel.me.uk\/wp-content\/uploads\/2021\/08\/Flower1a-300x136.png 300w, https:\/\/spiegel.me.uk\/wp-content\/uploads\/2021\/08\/Flower1a-768x347.png 768w, https:\/\/spiegel.me.uk\/wp-content\/uploads\/2021\/08\/Flower1a-1536x695.png 1536w, https:\/\/spiegel.me.uk\/wp-content\/uploads\/2021\/08\/Flower1a-2048x926.png 2048w\" sizes=\"auto, (max-width: 1024px) 100vw, 1024px\" \/><\/figure>\n\n\n\n<h4 class=\"wp-block-heading\">Medienproduktion<\/h4>\n\n\n\n<p class=\"translation-block\">Ich arbeite seit \u00fcber 10 Jahren f\u00fcr das <a href=\"https:\/\/srf.ch\" target=\"_self\">Schweizer Fernsehen<\/a>. Erst als technische Leiterin von Medienproduktionen, Events und Projekten, und nun als Produktionsentwicklerin.<\/p>\n\n\n\n<p>Eigentlich habe ich Web Design studiert, doch dann kam der DotCom crash und ich fand keinen Job. Stattdessen landete ich bei einem interaktiven Fernsehsender in London. Mein Job hat mich bis in die Mongolei gef\u00fchrt, aber nach vielen Jahren des Reisens ist die Schweiz nun mein Zuhause.<\/p>\n\n\n\n<p class=\"translation-block\">Mehr infos findest du auf meinem <a href=\"https:\/\/www.linkedin.com\/in\/chrissy-spiegel-woolgar\/\" target=\"_self\">Linkedin<\/a> Profil.<\/p>\n\n\n\n<div class=\"inherit-container-width wp-block-group alignwide is-layout-constrained wp-block-group-is-layout-constrained\"><div class=\"wp-block-group__inner-container\"><\/div><\/div>\n<\/div>\n\n\n\n<div class=\"wp-block-column is-vertically-aligned-top is-layout-flow wp-block-column-is-layout-flow\">\n<figure class=\"wp-block-image aligncenter size-large\"><img loading=\"lazy\" decoding=\"async\" width=\"1024\" height=\"463\" src=\"https:\/\/spiegel.me.uk\/wp-content\/uploads\/2021\/08\/Flower2b-1024x463.png\" alt=\"\" class=\"wp-image-614\" srcset=\"https:\/\/spiegel.me.uk\/wp-content\/uploads\/2021\/08\/Flower2b-1024x463.png 1024w, https:\/\/spiegel.me.uk\/wp-content\/uploads\/2021\/08\/Flower2b-300x136.png 300w, https:\/\/spiegel.me.uk\/wp-content\/uploads\/2021\/08\/Flower2b-768x347.png 768w, https:\/\/spiegel.me.uk\/wp-content\/uploads\/2021\/08\/Flower2b-1536x695.png 1536w, https:\/\/spiegel.me.uk\/wp-content\/uploads\/2021\/08\/Flower2b-2048x926.png 2048w\" sizes=\"auto, (max-width: 1024px) 100vw, 1024px\" \/><\/figure>\n\n\n\n<h4 class=\"wp-block-heading\">Design<\/h4>\n\n\n\n<p>Web Design ist mir als Hobby geblieben. Ich mache nur ausgew\u00e4hlte Projekte, die mir etwas bedeuten und verlange in der Regel nichts daf\u00fcr. <\/p>\n\n\n\n<p>Meine Webseiten verwalte ich mit Wordpress. Ich sch\u00e4tze die Modularit\u00e4t und dass damit jeder Inhalte erzeugen kann. Gehostet werden die Seiten mittlerweile auf den nachhaltig betriebenen Servern von <a rel=\"noreferrer noopener\" href=\"https:\/\/www.hosttech.ch\/unternehmen\/infrastruktur\/\" target=\"_blank\">Hosttech<\/a>.<\/p>\n\n\n\n<p><\/p>\n<\/div>\n\n\n\n<div class=\"wp-block-column is-vertically-aligned-top is-layout-flow wp-block-column-is-layout-flow\">\n<figure class=\"wp-block-image aligncenter size-large\"><img loading=\"lazy\" decoding=\"async\" width=\"1024\" height=\"463\" src=\"https:\/\/spiegel.me.uk\/wp-content\/uploads\/2021\/08\/Flower3a-1024x463.png\" alt=\"\" class=\"wp-image-615\" srcset=\"https:\/\/spiegel.me.uk\/wp-content\/uploads\/2021\/08\/Flower3a-1024x463.png 1024w, https:\/\/spiegel.me.uk\/wp-content\/uploads\/2021\/08\/Flower3a-300x136.png 300w, https:\/\/spiegel.me.uk\/wp-content\/uploads\/2021\/08\/Flower3a-768x347.png 768w, https:\/\/spiegel.me.uk\/wp-content\/uploads\/2021\/08\/Flower3a-1536x695.png 1536w, https:\/\/spiegel.me.uk\/wp-content\/uploads\/2021\/08\/Flower3a-2048x926.png 2048w\" sizes=\"auto, (max-width: 1024px) 100vw, 1024px\" \/><\/figure>\n\n\n\n<h4 class=\"wp-block-heading\">Nachhaltigkeit <\/h4>\n\n\n\n<p>Wenn man Kinder hat, f\u00fchlt man sich pl\u00f6tzlich auch f\u00fcr deren Zukunft verantwortlich. Bei den w\u00f6chentlichen Besuchen der Bauernhofspielgruppe meines Sohnes wurde mir klar, dass der Fehler im System liegt. Es ist voll von falschen Anreizen.<\/p>\n\n\n\n<p>In unserem Dorf versuchen wir das zu \u00e4ndern. Hier ist unsere Webseite: <a href=\"https:\/\/www.nachhaltigesrifferswil.ch\/\">Nachhaltiges Rifferswil<\/a> <\/p>\n\n\n\n<p>Bei SRF leite ich eine Arbeitsgruppe f\u00fcr nachhaltige Medienproduktion. <\/p>\n\n\n\n<p><\/p>\n<\/div>\n<\/div>\n<\/div><\/div>\n\n\n\n<div class=\"wp-block-cover alignfull is-light has-parallax is-repeated\" style=\"background-image:url(https:\/\/spiegel.me.uk\/wp-content\/uploads\/2021\/08\/HC_PATTERN_1_kl.jpg);min-height:200px;aspect-ratio:unset;\"><span aria-hidden=\"true\" class=\"wp-block-cover__background has-background-dim-30 has-background-dim wp-block-cover__gradient-background has-background-gradient\" style=\"background:linear-gradient(135deg,rgb(244,246,249) 16%,rgba(155,82,224,0) 41%)\"><\/span><div class=\"wp-block-cover__inner-container is-layout-flow wp-block-cover-is-layout-flow\">\n<p class=\"has-text-align-center has-large-font-size\"><\/p>\n<\/div><\/div>\n\n\n\n<div class=\"inherit-container-width wp-block-group alignfull has-background is-layout-constrained wp-block-group-is-layout-constrained\" style=\"background-color:#fffffa\"><div class=\"wp-block-group__inner-container\">\n<div class=\"wp-block-columns are-vertically-aligned-center is-layout-flex wp-container-core-columns-is-layout-28f84493 wp-block-columns-is-layout-flex\">\n<div class=\"wp-block-column is-vertically-aligned-center is-layout-flow wp-block-column-is-layout-flow\">\n<h2 class=\"wp-block-heading\">Portfolio<\/h2>\n<\/div>\n<\/div>\n\n\n\n<figure class=\"wp-block-gallery has-nested-images columns-4 is-cropped wp-block-gallery-1 is-layout-flex wp-block-gallery-is-layout-flex\">\n<figure class=\"wp-block-image size-full\"><a href=\"https:\/\/scudthehog.com\/\" target=\"_blank\" rel=\"noopener\"><img loading=\"lazy\" decoding=\"async\" width=\"960\" height=\"1093\" data-id=\"633\" src=\"https:\/\/spiegel.me.uk\/wp-content\/uploads\/2021\/08\/ScudtheHog.png\" alt=\"\" class=\"wp-image-633\" srcset=\"https:\/\/spiegel.me.uk\/wp-content\/uploads\/2021\/08\/ScudtheHog.png 960w, https:\/\/spiegel.me.uk\/wp-content\/uploads\/2021\/08\/ScudtheHog-263x300.png 263w, https:\/\/spiegel.me.uk\/wp-content\/uploads\/2021\/08\/ScudtheHog-899x1024.png 899w, https:\/\/spiegel.me.uk\/wp-content\/uploads\/2021\/08\/ScudtheHog-768x874.png 768w\" sizes=\"auto, (max-width: 960px) 100vw, 960px\" \/><\/a><\/figure>\n\n\n\n<figure class=\"wp-block-image size-full\"><a href=\"https:\/\/www.nachhaltigesrifferswil.ch\/\" target=\"_blank\" rel=\"noopener\"><img loading=\"lazy\" decoding=\"async\" width=\"995\" height=\"1172\" data-id=\"697\" src=\"https:\/\/spiegel.me.uk\/wp-content\/uploads\/2022\/09\/Nachhaltiges-Rifferswil.png\" alt=\"\" class=\"wp-image-697\" srcset=\"https:\/\/spiegel.me.uk\/wp-content\/uploads\/2022\/09\/Nachhaltiges-Rifferswil.png 995w, https:\/\/spiegel.me.uk\/wp-content\/uploads\/2022\/09\/Nachhaltiges-Rifferswil-255x300.png 255w, https:\/\/spiegel.me.uk\/wp-content\/uploads\/2022\/09\/Nachhaltiges-Rifferswil-869x1024.png 869w, https:\/\/spiegel.me.uk\/wp-content\/uploads\/2022\/09\/Nachhaltiges-Rifferswil-768x905.png 768w, https:\/\/spiegel.me.uk\/wp-content\/uploads\/2022\/09\/Nachhaltiges-Rifferswil-10x12.png 10w\" sizes=\"auto, (max-width: 995px) 100vw, 995px\" \/><\/a><figcaption><a href=\"https:\/\/www.nachhaltigesrifferswil.ch\/\" target=\"_blank\" rel=\"noreferrer noopener\">https:\/\/www.nachhaltigesrifferswil.ch\/<\/a><\/figcaption><\/figure>\n\n\n\n<figure class=\"wp-block-image size-full\"><a href=\"https:\/\/kleinkinder.riffi.ch\/\" target=\"_blank\" rel=\"noopener\"><img loading=\"lazy\" decoding=\"async\" width=\"1068\" height=\"1170\" data-id=\"698\" src=\"https:\/\/spiegel.me.uk\/wp-content\/uploads\/2022\/09\/Kleinkinder-Riferswil.png\" alt=\"\" class=\"wp-image-698\" srcset=\"https:\/\/spiegel.me.uk\/wp-content\/uploads\/2022\/09\/Kleinkinder-Riferswil.png 1068w, https:\/\/spiegel.me.uk\/wp-content\/uploads\/2022\/09\/Kleinkinder-Riferswil-274x300.png 274w, https:\/\/spiegel.me.uk\/wp-content\/uploads\/2022\/09\/Kleinkinder-Riferswil-935x1024.png 935w, https:\/\/spiegel.me.uk\/wp-content\/uploads\/2022\/09\/Kleinkinder-Riferswil-768x841.png 768w, https:\/\/spiegel.me.uk\/wp-content\/uploads\/2022\/09\/Kleinkinder-Riferswil-11x12.png 11w\" sizes=\"auto, (max-width: 1068px) 100vw, 1068px\" \/><\/a><figcaption><a href=\"https:\/\/kleinkinder.riffi.ch\/\" target=\"_blank\" rel=\"noreferrer noopener\">https:\/\/kleinkinder.riffi.ch\/<\/a><\/figcaption><\/figure>\n\n\n\n<figure class=\"wp-block-image size-full\"><a href=\"https:\/\/anchrima.at\/\" target=\"_blank\" rel=\"noopener\"><img loading=\"lazy\" decoding=\"async\" width=\"1067\" height=\"1174\" data-id=\"699\" src=\"https:\/\/spiegel.me.uk\/wp-content\/uploads\/2022\/09\/Anchrima-Consulting.png\" alt=\"\" class=\"wp-image-699\" srcset=\"https:\/\/spiegel.me.uk\/wp-content\/uploads\/2022\/09\/Anchrima-Consulting.png 1067w, https:\/\/spiegel.me.uk\/wp-content\/uploads\/2022\/09\/Anchrima-Consulting-273x300.png 273w, https:\/\/spiegel.me.uk\/wp-content\/uploads\/2022\/09\/Anchrima-Consulting-931x1024.png 931w, https:\/\/spiegel.me.uk\/wp-content\/uploads\/2022\/09\/Anchrima-Consulting-768x845.png 768w, https:\/\/spiegel.me.uk\/wp-content\/uploads\/2022\/09\/Anchrima-Consulting-11x12.png 11w\" sizes=\"auto, (max-width: 1067px) 100vw, 1067px\" \/><\/a><figcaption><a href=\"https:\/\/anchrima.at\/\" target=\"_blank\" rel=\"noreferrer noopener\">https:\/\/anchrima.at\/<\/a><\/figcaption><\/figure>\n<\/figure>\n<\/div><\/div>","protected":false},"excerpt":{"rendered":"<p>Media Production Manager I work as a production manager for the public Swiss broadcaster SRF and absolutely love what I do. After studying Web Design at University I couldn\u2019t find a job thanks to the DotCom crash. Instead, I started working in interactive TV in London. My projects have taken me as far as Mongolia [&hellip;]<\/p>\n","protected":false},"author":1,"featured_media":0,"parent":0,"menu_order":0,"comment_status":"closed","ping_status":"closed","template":"","meta":{"_uag_custom_page_level_css":"","site-sidebar-layout":"no-sidebar","site-content-layout":"plain-container","ast-site-content-layout":"default","site-content-style":"default","site-sidebar-style":"default","ast-global-header-display":"","ast-banner-title-visibility":"","ast-main-header-display":"","ast-hfb-above-header-display":"","ast-hfb-below-header-display":"","ast-hfb-mobile-header-display":"","site-post-title":"disabled","ast-breadcrumbs-content":"disabled","ast-featured-img":"disabled","footer-sml-layout":"","ast-disable-related-posts":"","theme-transparent-header-meta":"enabled","adv-header-id-meta":"","stick-header-meta":"","header-above-stick-meta":"","header-main-stick-meta":"","header-below-stick-meta":"","astra-migrate-meta-layouts":"default","ast-page-background-enabled":"default","ast-page-background-meta":{"desktop":{"background-color":"","background-image":"","background-repeat":"repeat","background-position":"center center","background-size":"auto","background-attachment":"scroll","background-type":"","background-media":"","overlay-type":"","overlay-color":"","overlay-opacity":"","overlay-gradient":""},"tablet":{"background-color":"","background-image":"","background-repeat":"repeat","background-position":"center center","background-size":"auto","background-attachment":"scroll","background-type":"","background-media":"","overlay-type":"","overlay-color":"","overlay-opacity":"","overlay-gradient":""},"mobile":{"background-color":"","background-image":"","background-repeat":"repeat","background-position":"center center","background-size":"auto","background-attachment":"scroll","background-type":"","background-media":"","overlay-type":"","overlay-color":"","overlay-opacity":"","overlay-gradient":""}},"ast-content-background-meta":{"desktop":{"background-color":"var(--ast-global-color-5)","background-image":"","background-repeat":"repeat","background-position":"center center","background-size":"auto","background-attachment":"scroll","background-type":"","background-media":"","overlay-type":"","overlay-color":"","overlay-opacity":"","overlay-gradient":""},"tablet":{"background-color":"var(--ast-global-color-5)","background-image":"","background-repeat":"repeat","background-position":"center center","background-size":"auto","background-attachment":"scroll","background-type":"","background-media":"","overlay-type":"","overlay-color":"","overlay-opacity":"","overlay-gradient":""},"mobile":{"background-color":"var(--ast-global-color-5)","background-image":"","background-repeat":"repeat","background-position":"center center","background-size":"auto","background-attachment":"scroll","background-type":"","background-media":"","overlay-type":"","overlay-color":"","overlay-opacity":"","overlay-gradient":""}},"footnotes":""},"class_list":["post-298","page","type-page","status-publish","hentry"],"uagb_featured_image_src":{"full":false,"thumbnail":false,"medium":false,"medium_large":false,"large":false,"1536x1536":false,"2048x2048":false,"trp-custom-language-flag":false},"uagb_author_info":{"display_name":"ladyc","author_link":"https:\/\/spiegel.me.uk\/de\/author\/ladyc\/"},"uagb_comment_info":0,"uagb_excerpt":"Media Production Manager I work as a production manager for the public Swiss broadcaster SRF and absolutely love what I do. After studying Web Design at University I couldn\u2019t find a job thanks to the DotCom crash. Instead, I started working in interactive TV in London. My projects have taken me as far as Mongolia&hellip;","_links":{"self":[{"href":"https:\/\/spiegel.me.uk\/de\/wp-json\/wp\/v2\/pages\/298","targetHints":{"allow":["GET"]}}],"collection":[{"href":"https:\/\/spiegel.me.uk\/de\/wp-json\/wp\/v2\/pages"}],"about":[{"href":"https:\/\/spiegel.me.uk\/de\/wp-json\/wp\/v2\/types\/page"}],"author":[{"embeddable":true,"href":"https:\/\/spiegel.me.uk\/de\/wp-json\/wp\/v2\/users\/1"}],"replies":[{"embeddable":true,"href":"https:\/\/spiegel.me.uk\/de\/wp-json\/wp\/v2\/comments?post=298"}],"version-history":[{"count":90,"href":"https:\/\/spiegel.me.uk\/de\/wp-json\/wp\/v2\/pages\/298\/revisions"}],"predecessor-version":[{"id":712,"href":"https:\/\/spiegel.me.uk\/de\/wp-json\/wp\/v2\/pages\/298\/revisions\/712"}],"wp:attachment":[{"href":"https:\/\/spiegel.me.uk\/de\/wp-json\/wp\/v2\/media?parent=298"}],"curies":[{"name":"wp","href":"https:\/\/api.w.org\/{rel}","templated":true}]}}